{"id":1991,"date":"2023-11-06T10:47:24","date_gmt":"2023-11-06T10:47:24","guid":{"rendered":"https:\/\/pottymoments.com\/%d0%ba%d0%be%d0%bd%d1%82%d0%b0%d0%ba%d1%82%d0%b8\/"},"modified":"2025-09-23T08:00:52","modified_gmt":"2025-09-23T08:00:52","slug":"%d0%ba%d0%be%d0%bd%d1%82%d0%b0%d0%ba%d1%82%d0%b8","status":"publish","type":"page","link":"https:\/\/pottymoments.com\/bg\/%d0%ba%d0%be%d0%bd%d1%82%d0%b0%d0%ba%d1%82%d0%b8\/","title":{"rendered":"\u041a\u043e\u043d\u0442\u0430\u043a\u0442\u0438"},"content":{"rendered":"\t\t<div data-elementor-type=\"wp-page\" data-elementor-id=\"1991\" class=\"elementor elementor-1991 elementor-97\" data-elementor-post-type=\"page\">\n\t\t\t\t\t\t<section class=\"elementor-section elementor-top-section elementor-element elementor-element-9d335af elementor-section-boxed elementor-section-height-default elementor-section-height-default\" data-id=\"9d335af\" data-element_type=\"section\">\n\t\t\t\t\t\t<div class=\"elementor-container elementor-column-gap-default\">\n\t\t\t\t\t<div class=\"elementor-column elementor-col-100 elementor-top-column elementor-element elementor-element-a104c14\" data-id=\"a104c14\" data-element_type=\"column\">\n\t\t\t<div class=\"elementor-widget-wrap elementor-element-populated\">\n\t\t\t\t\t\t<div class=\"elementor-element elementor-element-dcf6d03 elementor-widget elementor-widget-heading\" data-id=\"dcf6d03\" data-element_type=\"widget\" data-widget_type=\"heading.default\">\n\t\t\t\t<div class=\"elementor-widget-container\">\n\t\t\t\t\t<h2 class=\"elementor-heading-title elementor-size-default\">\u041a\u043e\u043d\u0442\u0430\u043a\u0442\u0438<\/h2>\t\t\t\t<\/div>\n\t\t\t\t<\/div>\n\t\t\t\t<div class=\"elementor-element elementor-element-ec7a348 elementor-widget elementor-widget-text-editor\" data-id=\"ec7a348\" data-element_type=\"widget\" data-widget_type=\"text-editor.default\">\n\t\t\t\t<div class=\"elementor-widget-container\">\n\t\t\t\t\t\t\t\t\t\u0410\u043a\u043e \u0438\u0441\u043a\u0430\u0442\u0435 \u0434\u0430 \u0438\u0437\u043f\u0440\u0430\u0442\u0438\u0442\u0435 \u0438\u043d\u0434\u0438\u0432\u0438\u0434\u0443\u0430\u043b\u043d\u0430 \u043f\u043e\u0440\u044a\u0447\u043a\u0430, \u0434\u0430 \u0441\u0435 \u0441\u0432\u044a\u0440\u0436\u0435\u0442\u0435 \u0441 \u043c\u0435\u043d \u043e\u0442\u043d\u043e\u0441\u043d\u043e \u043d\u043e\u0432 \u043f\u0440\u043e\u0435\u043a\u0442 \u0438\u043b\u0438 \u0434\u0430 \u043c\u0435 \u043f\u043e\u043c\u043e\u043b\u0438\u0442\u0435 \u0434\u0430 \u0431\u044a\u0434\u0430 \u0433\u0440\u0430\u0444\u0438\u0447\u0435\u043d \u0444\u0430\u0441\u0438\u043b\u0438\u0442\u0430\u0442\u043e\u0440, \u043c\u043e\u043b\u044f, \u0441\u0432\u044a\u0440\u0436\u0435\u0442\u0435 \u0441\u0435 \u0441 \u043c\u0435\u043d \u043f\u043e \u0438\u043c\u0435\u0439\u043b.\t\t\t\t\t\t\t\t<\/div>\n\t\t\t\t<\/div>\n\t\t\t\t<div class=\"elementor-element elementor-element-f475f75 elementor-button-align-stretch elementor-widget elementor-widget-form\" data-id=\"f475f75\" data-element_type=\"widget\" data-settings=\"{&quot;step_next_label&quot;:&quot;\\u0441\\u043b\\u0435\\u0434\\u0432\\u0430\\u0449&quot;,&quot;step_previous_label&quot;:&quot;\\u041f\\u0440\\u0435\\u0434\\u0438\\u0448\\u043d\\u0430&quot;,&quot;button_width&quot;:&quot;100&quot;,&quot;step_type&quot;:&quot;number_text&quot;,&quot;step_icon_shape&quot;:&quot;circle&quot;}\" data-widget_type=\"form.default\">\n\t\t\t\t<div class=\"elementor-widget-container\">\n\t\t\t\t\t\t\t<form class=\"elementor-form\" method=\"post\" name=\"\u043a\u043e\u043d\u0442\u0430\u043a\u0442\" aria-label=\"\u043a\u043e\u043d\u0442\u0430\u043a\u0442\">\n\t\t\t<input type=\"hidden\" name=\"post_id\" value=\"1991\"\/>\n\t\t\t<input type=\"hidden\" name=\"form_id\" value=\"f475f75\"\/>\n\t\t\t<input type=\"hidden\" name=\"referer_title\" value=\"\u041a\u043e\u043d\u0442\u0430\u043a\u0442\u0438 - P\u00f6ttymoments\" \/>\n\n\t\t\t\t\t\t\t<input type=\"hidden\" name=\"queried_id\" value=\"1991\"\/>\n\t\t\t\n\t\t\t<div class=\"elementor-form-fields-wrapper elementor-labels-\">\n\t\t\t\t\t\t\t\t<div class=\"elementor-field-type-text elementor-field-group elementor-column elementor-field-group-name elementor-col-100\">\n\t\t\t\t\t\t\t\t\t\t\t\t<label for=\"form-field-name\" class=\"elementor-field-label elementor-screen-only\">\n\t\t\t\t\t\t\t\t\u0418\u043c\u0435\t\t\t\t\t\t\t<\/label>\n\t\t\t\t\t\t\t\t\t\t\t\t\t\t<input size=\"1\" type=\"text\" name=\"form_fields[name]\" id=\"form-field-name\" class=\"elementor-field elementor-size-sm  elementor-field-textual\" placeholder=\"\u0418\u043c\u0435\">\n\t\t\t\t\t\t\t\t\t\t\t<\/div>\n\t\t\t\t\t\t\t\t<div class=\"elementor-field-type-email elementor-field-group elementor-column elementor-field-group-email elementor-col-100 elementor-field-required\">\n\t\t\t\t\t\t\t\t\t\t\t\t<label for=\"form-field-email\" class=\"elementor-field-label elementor-screen-only\">\n\t\t\t\t\t\t\t\t\u0438\u043c\u0435\u0439\u043b \u0430\u0434\u0440\u0435\u0441\t\t\t\t\t\t\t<\/label>\n\t\t\t\t\t\t\t\t\t\t\t\t\t\t<input size=\"1\" type=\"email\" name=\"form_fields[email]\" id=\"form-field-email\" class=\"elementor-field elementor-size-sm  elementor-field-textual\" placeholder=\"\u0438\u043c\u0435\u0439\u043b \u0430\u0434\u0440\u0435\u0441\" required=\"required\">\n\t\t\t\t\t\t\t\t\t\t\t<\/div>\n\t\t\t\t\t\t\t\t<div class=\"elementor-field-type-textarea elementor-field-group elementor-column elementor-field-group-field_769dcf3 elementor-col-100 elementor-field-required\">\n\t\t\t\t\t\t\t\t\t\t\t\t<label for=\"form-field-field_769dcf3\" class=\"elementor-field-label elementor-screen-only\">\n\t\t\t\t\t\t\t\t\u0421\u044a\u043e\u0431\u0449\u0435\u043d\u0438\u0435\t\t\t\t\t\t\t<\/label>\n\t\t\t\t\t\t<textarea class=\"elementor-field-textual elementor-field  elementor-size-sm\" name=\"form_fields[field_769dcf3]\" id=\"form-field-field_769dcf3\" rows=\"4\" placeholder=\"\u0421\u044a\u043e\u0431\u0449\u0435\u043d\u0438\u0435\" required=\"required\"><\/textarea>\t\t\t\t<\/div>\n\t\t\t\t\t\t\t\t<div class=\"elementor-field-type-acceptance elementor-field-group elementor-column elementor-field-group-field_1249fee elementor-col-100 elementor-field-required\">\n\t\t\t\t\t\t\t<div class=\"elementor-field-subgroup\">\n\t\t\t<span class=\"elementor-field-option\">\n\t\t\t\t<input type=\"checkbox\" name=\"form_fields[field_1249fee]\" id=\"form-field-field_1249fee\" class=\"elementor-field elementor-size-sm  elementor-acceptance-field\" required=\"required\">\n\t\t\t\t<label for=\"form-field-field_1249fee\">\u0414\u0430, \u043f\u0440\u043e\u0447\u0435\u0442\u043e\u0445 \u0438 \u043f\u0440\u0438\u0435\u043c\u0430\u043c <a href=\"https:\/\/pottymoments.com\/adatkezelesi-nyilatkozat\/\" target=\"_blank\">\u0414\u0435\u043a\u043b\u0430\u0440\u0430\u0446\u0438\u044f\u0442\u0430<\/a> \u0437\u0430 \u043f\u043e\u0432\u0435\u0440\u0438\u0442\u0435\u043b\u043d\u043e\u0441\u0442.<\/label>\t\t\t<\/span>\n\t\t<\/div>\n\t\t\t\t\t\t<\/div>\n\t\t\t\t\t\t\t\t<div class=\"elementor-field-group elementor-column elementor-field-type-submit elementor-col-100 e-form__buttons\">\n\t\t\t\t\t<button class=\"elementor-button elementor-size-sm\" type=\"submit\">\n\t\t\t\t\t\t<span class=\"elementor-button-content-wrapper\">\n\t\t\t\t\t\t\t\t\t\t\t\t\t\t\t\t\t\t\t\t\t\t<span class=\"elementor-button-text\">\u0418\u0437\u043f\u0440\u0430\u0442\u0435\u0442\u0435 \u0434\u043e<\/span>\n\t\t\t\t\t\t\t\t\t\t\t\t\t<\/span>\n\t\t\t\t\t<\/button>\n\t\t\t\t<\/div>\n\t\t\t<\/div>\n\t\t<\/form>\n\t\t\t\t\t\t<\/div>\n\t\t\t\t<\/div>\n\t\t\t\t<div class=\"elementor-element elementor-element-0086a68 elementor-widget elementor-widget-text-editor\" data-id=\"0086a68\" data-element_type=\"widget\" data-widget_type=\"text-editor.default\">\n\t\t\t\t<div class=\"elementor-widget-container\">\n\t\t\t\t\t\t\t\t\t<h4>\u0410\u0431\u043e\u043d\u0438\u0440\u0430\u0439\u0442\u0435 \u0441\u0435 \u0437\u0430 \u0431\u044e\u043b\u0435\u0442\u0438\u043d<\/h4><p>\u0410\u043a\u043e \u0438\u0441\u043a\u0430\u0448 \u0434\u0430 \u0441\u0438 \u0441\u0440\u0435\u0434 \u043f\u044a\u0440\u0432\u0438\u0442\u0435, \u043a\u043e\u0438\u0442\u043e \u043d\u0430\u0443\u0447\u0430\u0432\u0430\u0442 \u043a\u0430\u043a\u0432\u043e \u0441\u0435 \u0441\u043b\u0443\u0447\u0432\u0430 \u043e\u043a\u043e\u043b\u043e \u043c\u0435\u043d \u0438 \u043a\u0430\u043a \u043c\u043e\u0436\u0435\u0448 \u0434\u0430 \u043f\u043e\u043b\u0443\u0447\u0438\u0448 \u043c\u043e\u0438\u0442\u0435 \u043f\u0440\u0435\u0434\u0441\u0442\u043e\u044f\u0449\u0438 \u043a\u043d\u0438\u0433\u0438 \u0438 \u043f\u0440\u043e\u0434\u0443\u043a\u0442\u0438, \u0430\u0431\u043e\u043d\u0438\u0440\u0430\u0439 \u0441\u0435 <a href=\"https:\/\/pottymoments.com\/bg\/%d0%b1%d1%8e%d0%bb%d0%b5%d1%82%d0%b8%d0%bd\/\" target=\"_blank\" rel=\"noopener\">\u0422\u0423\u041a.<\/a><\/p>\t\t\t\t\t\t\t\t<\/div>\n\t\t\t\t<\/div>\n\t\t\t\t<div class=\"elementor-element elementor-element-f7c172f elementor-widget elementor-widget-image\" data-id=\"f7c172f\" data-element_type=\"widget\" data-widget_type=\"image.default\">\n\t\t\t\t<div class=\"elementor-widget-container\">\n\t\t\t\t\t\t\t\t\t\t\t\t\t\t\t<img fetchpriority=\"high\" decoding=\"async\" width=\"800\" height=\"800\" src=\"https:\/\/pottymoments.com\/wp-content\/uploads\/2025\/08\/ebook_regisztracio_tiny.jpg\" class=\"attachment-large size-large wp-image-2552\" alt=\"\" srcset=\"https:\/\/pottymoments.com\/wp-content\/uploads\/2025\/08\/ebook_regisztracio_tiny.jpg 800w, https:\/\/pottymoments.com\/wp-content\/uploads\/2025\/08\/ebook_regisztracio_tiny-300x300.jpg 300w, https:\/\/pottymoments.com\/wp-content\/uploads\/2025\/08\/ebook_regisztracio_tiny-150x150.jpg 150w, https:\/\/pottymoments.com\/wp-content\/uploads\/2025\/08\/ebook_regisztracio_tiny-768x768.jpg 768w, https:\/\/pottymoments.com\/wp-content\/uploads\/2025\/08\/ebook_regisztracio_tiny-600x600.jpg 600w, https:\/\/pottymoments.com\/wp-content\/uploads\/2025\/08\/ebook_regisztracio_tiny-100x100.jpg 100w\" sizes=\"(max-width: 800px) 100vw, 800px\" \/>\t\t\t\t\t\t\t\t\t\t\t\t\t\t\t<\/div>\n\t\t\t\t<\/div>\n\t\t\t\t\t<\/div>\n\t\t<\/div>\n\t\t\t\t\t<\/div>\n\t\t<\/section>\n\t\t\t\t<section class=\"elementor-section elementor-top-section elementor-element elementor-element-90d714f elementor-hidden-desktop elementor-hidden-tablet elementor-hidden-mobile elementor-section-boxed elementor-section-height-default elementor-section-height-default\" data-id=\"90d714f\" data-element_type=\"section\">\n\t\t\t\t\t\t<div class=\"elementor-container elementor-column-gap-default\">\n\t\t\t\t\t<div class=\"elementor-column elementor-col-100 elementor-top-column elementor-element elementor-element-a1ebe22\" data-id=\"a1ebe22\" data-element_type=\"column\">\n\t\t\t<div class=\"elementor-widget-wrap elementor-element-populated\">\n\t\t\t\t\t\t<div class=\"elementor-element elementor-element-3153ccd elementor-widget elementor-widget-heading\" data-id=\"3153ccd\" data-element_type=\"widget\" data-widget_type=\"heading.default\">\n\t\t\t\t<div class=\"elementor-widget-container\">\n\t\t\t\t\t<h2 class=\"elementor-heading-title elementor-size-default\">\u0441\u043b\u0435\u0434\u0432\u0430\u0449\u043e \u0441\u044a\u0431\u0438\u0442\u0438\u0435: <\/h2>\t\t\t\t<\/div>\n\t\t\t\t<\/div>\n\t\t\t\t<div class=\"elementor-element elementor-element-1f1d95a elementor-widget elementor-widget-text-editor\" data-id=\"1f1d95a\" data-element_type=\"widget\" data-widget_type=\"text-editor.default\">\n\t\t\t\t<div class=\"elementor-widget-container\">\n\t\t\t\t\t\t\t\t\t<p>Esem\u00e9ny neve, le\u00edr\u00e1sa, <br>helysz\u00edn<br><a href=\"#\">Facebook link<\/a><\/p>\t\t\t\t\t\t\t\t<\/div>\n\t\t\t\t<\/div>\n\t\t\t\t\t<\/div>\n\t\t<\/div>\n\t\t\t\t\t<\/div>\n\t\t<\/section>\n\t\t\t\t<section class=\"elementor-section elementor-top-section elementor-element elementor-element-d16f390 elementor-section-boxed elementor-section-height-default elementor-section-height-default\" data-id=\"d16f390\" data-element_type=\"section\">\n\t\t\t\t\t\t<div class=\"elementor-container elementor-column-gap-default\">\n\t\t\t\t\t<div class=\"elementor-column elementor-col-100 elementor-top-column elementor-element elementor-element-5c04cd7\" data-id=\"5c04cd7\" data-element_type=\"column\">\n\t\t\t<div class=\"elementor-widget-wrap\">\n\t\t\t\t\t\t\t<\/div>\n\t\t<\/div>\n\t\t\t\t\t<\/div>\n\t\t<\/section>\n\t\t\t\t<\/div>\n\t\t","protected":false},"excerpt":{"rendered":"<p>\u041a\u043e\u043d\u0442\u0430\u043a\u0442\u0438 \u0410\u043a\u043e \u0438\u0441\u043a\u0430\u0442\u0435 \u0434\u0430 \u0438\u0437\u043f\u0440\u0430\u0442\u0438\u0442\u0435 \u0438\u043d\u0434\u0438\u0432\u0438\u0434\u0443\u0430\u043b\u043d\u0430 \u043f\u043e\u0440\u044a\u0447\u043a\u0430, \u0434\u0430 \u0441\u0435 \u0441\u0432\u044a\u0440\u0436\u0435\u0442\u0435 \u0441 \u043c\u0435\u043d \u043e\u0442\u043d\u043e\u0441\u043d\u043e \u043d\u043e\u0432 \u043f\u0440\u043e\u0435\u043a\u0442 \u0438\u043b\u0438 \u0434\u0430 \u043c\u0435 \u043f\u043e\u043c\u043e\u043b\u0438\u0442\u0435 \u0434\u0430 \u0431\u044a\u0434\u0430 \u0433\u0440\u0430\u0444\u0438\u0447\u0435\u043d \u0444\u0430\u0441\u0438\u043b\u0438\u0442\u0430\u0442\u043e\u0440, \u043c\u043e\u043b\u044f, \u0441\u0432\u044a\u0440\u0436\u0435\u0442\u0435 \u0441\u0435 \u0441 \u043c\u0435\u043d \u043f\u043e \u0438\u043c\u0435\u0439\u043b. \u0410\u0431\u043e\u043d\u0438\u0440\u0430\u0439\u0442\u0435 \u0441\u0435 \u0437\u0430 \u0431\u044e\u043b\u0435\u0442\u0438\u043d \u0410\u043a\u043e \u0438\u0441\u043a\u0430\u0448 \u0434\u0430 \u0441\u0438 \u0441\u0440\u0435\u0434 \u043f\u044a\u0440\u0432\u0438\u0442\u0435, \u043a\u043e\u0438\u0442\u043e \u043d\u0430\u0443\u0447\u0430\u0432\u0430\u0442 \u043a\u0430\u043a\u0432\u043e \u0441\u0435 \u0441\u043b\u0443\u0447\u0432\u0430 \u043e\u043a\u043e\u043b\u043e \u043c\u0435\u043d \u0438 \u043a\u0430\u043a \u043c\u043e\u0436\u0435\u0448 \u0434\u0430 \u043f\u043e\u043b\u0443\u0447\u0438\u0448 \u043c\u043e\u0438\u0442\u0435 \u043f\u0440\u0435\u0434\u0441\u0442\u043e\u044f\u0449\u0438 \u043a\u043d\u0438\u0433\u0438 [&hellip;]<\/p>\n","protected":false},"author":1,"featured_media":0,"parent":0,"menu_order":0,"comment_status":"closed","ping_status":"closed","template":"","meta":{"footnotes":""},"class_list":["post-1991","page","type-page","status-publish","hentry","entry","owp-thumbs-layout-horizontal","owp-btn-normal","owp-tabs-layout-horizontal","has-no-thumbnails","has-product-nav"],"yoast_head":"<!-- This site is optimized with the Yoast SEO plugin v26.3 - https:\/\/yoast.com\/wordpress\/plugins\/seo\/ -->\n<title>\u041a\u043e\u043d\u0442\u0430\u043a\u0442\u0438 - P\u00f6ttymoments<\/title>\n<meta name=\"robots\" content=\"index, follow, max-snippet:-1, max-image-preview:large, max-video-preview:-1\" \/>\n<link rel=\"canonical\" href=\"https:\/\/pottymoments.com\/bg\/\u043a\u043e\u043d\u0442\u0430\u043a\u0442\u0438\/\" \/>\n<meta property=\"og:locale\" content=\"bg_BG\" \/>\n<meta property=\"og:type\" content=\"article\" \/>\n<meta property=\"og:title\" content=\"\u041a\u043e\u043d\u0442\u0430\u043a\u0442\u0438 - P\u00f6ttymoments\" \/>\n<meta property=\"og:description\" content=\"\u041a\u043e\u043d\u0442\u0430\u043a\u0442\u0438 \u0410\u043a\u043e \u0438\u0441\u043a\u0430\u0442\u0435 \u0434\u0430 \u0438\u0437\u043f\u0440\u0430\u0442\u0438\u0442\u0435 \u0438\u043d\u0434\u0438\u0432\u0438\u0434\u0443\u0430\u043b\u043d\u0430 \u043f\u043e\u0440\u044a\u0447\u043a\u0430, \u0434\u0430 \u0441\u0435 \u0441\u0432\u044a\u0440\u0436\u0435\u0442\u0435 \u0441 \u043c\u0435\u043d \u043e\u0442\u043d\u043e\u0441\u043d\u043e \u043d\u043e\u0432 \u043f\u0440\u043e\u0435\u043a\u0442 \u0438\u043b\u0438 \u0434\u0430 \u043c\u0435 \u043f\u043e\u043c\u043e\u043b\u0438\u0442\u0435 \u0434\u0430 \u0431\u044a\u0434\u0430 \u0433\u0440\u0430\u0444\u0438\u0447\u0435\u043d \u0444\u0430\u0441\u0438\u043b\u0438\u0442\u0430\u0442\u043e\u0440, \u043c\u043e\u043b\u044f, \u0441\u0432\u044a\u0440\u0436\u0435\u0442\u0435 \u0441\u0435 \u0441 \u043c\u0435\u043d \u043f\u043e \u0438\u043c\u0435\u0439\u043b. \u0410\u0431\u043e\u043d\u0438\u0440\u0430\u0439\u0442\u0435 \u0441\u0435 \u0437\u0430 \u0431\u044e\u043b\u0435\u0442\u0438\u043d \u0410\u043a\u043e \u0438\u0441\u043a\u0430\u0448 \u0434\u0430 \u0441\u0438 \u0441\u0440\u0435\u0434 \u043f\u044a\u0440\u0432\u0438\u0442\u0435, \u043a\u043e\u0438\u0442\u043e \u043d\u0430\u0443\u0447\u0430\u0432\u0430\u0442 \u043a\u0430\u043a\u0432\u043e \u0441\u0435 \u0441\u043b\u0443\u0447\u0432\u0430 \u043e\u043a\u043e\u043b\u043e \u043c\u0435\u043d \u0438 \u043a\u0430\u043a \u043c\u043e\u0436\u0435\u0448 \u0434\u0430 \u043f\u043e\u043b\u0443\u0447\u0438\u0448 \u043c\u043e\u0438\u0442\u0435 \u043f\u0440\u0435\u0434\u0441\u0442\u043e\u044f\u0449\u0438 \u043a\u043d\u0438\u0433\u0438 [&hellip;]\" \/>\n<meta property=\"og:url\" content=\"https:\/\/pottymoments.com\/bg\/\u043a\u043e\u043d\u0442\u0430\u043a\u0442\u0438\/\" \/>\n<meta property=\"og:site_name\" content=\"P\u00f6ttymoments\" \/>\n<meta property=\"article:modified_time\" content=\"2025-09-23T08:00:52+00:00\" \/>\n<meta property=\"og:image\" content=\"https:\/\/pottymoments.com\/wp-content\/uploads\/2025\/08\/ebook_regisztracio_tiny.jpg\" \/>\n\t<meta property=\"og:image:width\" content=\"800\" \/>\n\t<meta property=\"og:image:height\" content=\"800\" \/>\n\t<meta property=\"og:image:type\" content=\"image\/jpeg\" \/>\n<meta name=\"twitter:card\" content=\"summary_large_image\" \/>\n<script type=\"application\/ld+json\" class=\"yoast-schema-graph\">{\"@context\":\"https:\/\/schema.org\",\"@graph\":[{\"@type\":\"WebPage\",\"@id\":\"https:\/\/pottymoments.com\/bg\/%d0%ba%d0%be%d0%bd%d1%82%d0%b0%d0%ba%d1%82%d0%b8\/\",\"url\":\"https:\/\/pottymoments.com\/bg\/%d0%ba%d0%be%d0%bd%d1%82%d0%b0%d0%ba%d1%82%d0%b8\/\",\"name\":\"\u041a\u043e\u043d\u0442\u0430\u043a\u0442\u0438 - P\u00f6ttymoments\",\"isPartOf\":{\"@id\":\"https:\/\/pottymoments.com\/#website\"},\"primaryImageOfPage\":{\"@id\":\"https:\/\/pottymoments.com\/bg\/%d0%ba%d0%be%d0%bd%d1%82%d0%b0%d0%ba%d1%82%d0%b8\/#primaryimage\"},\"image\":{\"@id\":\"https:\/\/pottymoments.com\/bg\/%d0%ba%d0%be%d0%bd%d1%82%d0%b0%d0%ba%d1%82%d0%b8\/#primaryimage\"},\"thumbnailUrl\":\"https:\/\/pottymoments.com\/wp-content\/uploads\/2025\/08\/ebook_regisztracio_tiny.jpg\",\"datePublished\":\"2023-11-06T10:47:24+00:00\",\"dateModified\":\"2025-09-23T08:00:52+00:00\",\"breadcrumb\":{\"@id\":\"https:\/\/pottymoments.com\/bg\/%d0%ba%d0%be%d0%bd%d1%82%d0%b0%d0%ba%d1%82%d0%b8\/#breadcrumb\"},\"inLanguage\":\"bg-BG\",\"potentialAction\":[{\"@type\":\"ReadAction\",\"target\":[\"https:\/\/pottymoments.com\/bg\/%d0%ba%d0%be%d0%bd%d1%82%d0%b0%d0%ba%d1%82%d0%b8\/\"]}]},{\"@type\":\"ImageObject\",\"inLanguage\":\"bg-BG\",\"@id\":\"https:\/\/pottymoments.com\/bg\/%d0%ba%d0%be%d0%bd%d1%82%d0%b0%d0%ba%d1%82%d0%b8\/#primaryimage\",\"url\":\"https:\/\/pottymoments.com\/wp-content\/uploads\/2025\/08\/ebook_regisztracio_tiny.jpg\",\"contentUrl\":\"https:\/\/pottymoments.com\/wp-content\/uploads\/2025\/08\/ebook_regisztracio_tiny.jpg\"},{\"@type\":\"BreadcrumbList\",\"@id\":\"https:\/\/pottymoments.com\/bg\/%d0%ba%d0%be%d0%bd%d1%82%d0%b0%d0%ba%d1%82%d0%b8\/#breadcrumb\",\"itemListElement\":[{\"@type\":\"ListItem\",\"position\":1,\"name\":\"Kezd\u0151lap\",\"item\":\"https:\/\/pottymoments.com\/bg\/%d0%bd%d0%b0%d1%87%d0%b0%d0%bb%d0%be\/\"},{\"@type\":\"ListItem\",\"position\":2,\"name\":\"\u041a\u043e\u043d\u0442\u0430\u043a\u0442\u0438\"}]},{\"@type\":\"WebSite\",\"@id\":\"https:\/\/pottymoments.com\/#website\",\"url\":\"https:\/\/pottymoments.com\/\",\"name\":\"P\u00f6ttymoments\",\"description\":\"All about dots\",\"publisher\":{\"@id\":\"https:\/\/pottymoments.com\/#organization\"},\"potentialAction\":[{\"@type\":\"SearchAction\",\"target\":{\"@type\":\"EntryPoint\",\"urlTemplate\":\"https:\/\/pottymoments.com\/?s={search_term_string}\"},\"query-input\":{\"@type\":\"PropertyValueSpecification\",\"valueRequired\":true,\"valueName\":\"search_term_string\"}}],\"inLanguage\":\"bg-BG\"},{\"@type\":\"Organization\",\"@id\":\"https:\/\/pottymoments.com\/#organization\",\"name\":\"P\u00f6ttymoments\",\"url\":\"https:\/\/pottymoments.com\/\",\"logo\":{\"@type\":\"ImageObject\",\"inLanguage\":\"bg-BG\",\"@id\":\"https:\/\/pottymoments.com\/#\/schema\/logo\/image\/\",\"url\":\"https:\/\/pottymoments.com\/wp-content\/uploads\/2023\/11\/cropped-pottyos_logo-1.png\",\"contentUrl\":\"https:\/\/pottymoments.com\/wp-content\/uploads\/2023\/11\/cropped-pottyos_logo-1.png\",\"width\":400,\"height\":134,\"caption\":\"P\u00f6ttymoments\"},\"image\":{\"@id\":\"https:\/\/pottymoments.com\/#\/schema\/logo\/image\/\"}}]}<\/script>\n<!-- \/ Yoast SEO plugin. -->","yoast_head_json":{"title":"\u041a\u043e\u043d\u0442\u0430\u043a\u0442\u0438 - P\u00f6ttymoments","robots":{"index":"index","follow":"follow","max-snippet":"max-snippet:-1","max-image-preview":"max-image-preview:large","max-video-preview":"max-video-preview:-1"},"canonical":"https:\/\/pottymoments.com\/bg\/\u043a\u043e\u043d\u0442\u0430\u043a\u0442\u0438\/","og_locale":"bg_BG","og_type":"article","og_title":"\u041a\u043e\u043d\u0442\u0430\u043a\u0442\u0438 - P\u00f6ttymoments","og_description":"\u041a\u043e\u043d\u0442\u0430\u043a\u0442\u0438 \u0410\u043a\u043e \u0438\u0441\u043a\u0430\u0442\u0435 \u0434\u0430 \u0438\u0437\u043f\u0440\u0430\u0442\u0438\u0442\u0435 \u0438\u043d\u0434\u0438\u0432\u0438\u0434\u0443\u0430\u043b\u043d\u0430 \u043f\u043e\u0440\u044a\u0447\u043a\u0430, \u0434\u0430 \u0441\u0435 \u0441\u0432\u044a\u0440\u0436\u0435\u0442\u0435 \u0441 \u043c\u0435\u043d \u043e\u0442\u043d\u043e\u0441\u043d\u043e \u043d\u043e\u0432 \u043f\u0440\u043e\u0435\u043a\u0442 \u0438\u043b\u0438 \u0434\u0430 \u043c\u0435 \u043f\u043e\u043c\u043e\u043b\u0438\u0442\u0435 \u0434\u0430 \u0431\u044a\u0434\u0430 \u0433\u0440\u0430\u0444\u0438\u0447\u0435\u043d \u0444\u0430\u0441\u0438\u043b\u0438\u0442\u0430\u0442\u043e\u0440, \u043c\u043e\u043b\u044f, \u0441\u0432\u044a\u0440\u0436\u0435\u0442\u0435 \u0441\u0435 \u0441 \u043c\u0435\u043d \u043f\u043e \u0438\u043c\u0435\u0439\u043b. \u0410\u0431\u043e\u043d\u0438\u0440\u0430\u0439\u0442\u0435 \u0441\u0435 \u0437\u0430 \u0431\u044e\u043b\u0435\u0442\u0438\u043d \u0410\u043a\u043e \u0438\u0441\u043a\u0430\u0448 \u0434\u0430 \u0441\u0438 \u0441\u0440\u0435\u0434 \u043f\u044a\u0440\u0432\u0438\u0442\u0435, \u043a\u043e\u0438\u0442\u043e \u043d\u0430\u0443\u0447\u0430\u0432\u0430\u0442 \u043a\u0430\u043a\u0432\u043e \u0441\u0435 \u0441\u043b\u0443\u0447\u0432\u0430 \u043e\u043a\u043e\u043b\u043e \u043c\u0435\u043d \u0438 \u043a\u0430\u043a \u043c\u043e\u0436\u0435\u0448 \u0434\u0430 \u043f\u043e\u043b\u0443\u0447\u0438\u0448 \u043c\u043e\u0438\u0442\u0435 \u043f\u0440\u0435\u0434\u0441\u0442\u043e\u044f\u0449\u0438 \u043a\u043d\u0438\u0433\u0438 [&hellip;]","og_url":"https:\/\/pottymoments.com\/bg\/\u043a\u043e\u043d\u0442\u0430\u043a\u0442\u0438\/","og_site_name":"P\u00f6ttymoments","article_modified_time":"2025-09-23T08:00:52+00:00","og_image":[{"width":800,"height":800,"url":"https:\/\/pottymoments.com\/wp-content\/uploads\/2025\/08\/ebook_regisztracio_tiny.jpg","type":"image\/jpeg"}],"twitter_card":"summary_large_image","schema":{"@context":"https:\/\/schema.org","@graph":[{"@type":"WebPage","@id":"https:\/\/pottymoments.com\/bg\/%d0%ba%d0%be%d0%bd%d1%82%d0%b0%d0%ba%d1%82%d0%b8\/","url":"https:\/\/pottymoments.com\/bg\/%d0%ba%d0%be%d0%bd%d1%82%d0%b0%d0%ba%d1%82%d0%b8\/","name":"\u041a\u043e\u043d\u0442\u0430\u043a\u0442\u0438 - P\u00f6ttymoments","isPartOf":{"@id":"https:\/\/pottymoments.com\/#website"},"primaryImageOfPage":{"@id":"https:\/\/pottymoments.com\/bg\/%d0%ba%d0%be%d0%bd%d1%82%d0%b0%d0%ba%d1%82%d0%b8\/#primaryimage"},"image":{"@id":"https:\/\/pottymoments.com\/bg\/%d0%ba%d0%be%d0%bd%d1%82%d0%b0%d0%ba%d1%82%d0%b8\/#primaryimage"},"thumbnailUrl":"https:\/\/pottymoments.com\/wp-content\/uploads\/2025\/08\/ebook_regisztracio_tiny.jpg","datePublished":"2023-11-06T10:47:24+00:00","dateModified":"2025-09-23T08:00:52+00:00","breadcrumb":{"@id":"https:\/\/pottymoments.com\/bg\/%d0%ba%d0%be%d0%bd%d1%82%d0%b0%d0%ba%d1%82%d0%b8\/#breadcrumb"},"inLanguage":"bg-BG","potentialAction":[{"@type":"ReadAction","target":["https:\/\/pottymoments.com\/bg\/%d0%ba%d0%be%d0%bd%d1%82%d0%b0%d0%ba%d1%82%d0%b8\/"]}]},{"@type":"ImageObject","inLanguage":"bg-BG","@id":"https:\/\/pottymoments.com\/bg\/%d0%ba%d0%be%d0%bd%d1%82%d0%b0%d0%ba%d1%82%d0%b8\/#primaryimage","url":"https:\/\/pottymoments.com\/wp-content\/uploads\/2025\/08\/ebook_regisztracio_tiny.jpg","contentUrl":"https:\/\/pottymoments.com\/wp-content\/uploads\/2025\/08\/ebook_regisztracio_tiny.jpg"},{"@type":"BreadcrumbList","@id":"https:\/\/pottymoments.com\/bg\/%d0%ba%d0%be%d0%bd%d1%82%d0%b0%d0%ba%d1%82%d0%b8\/#breadcrumb","itemListElement":[{"@type":"ListItem","position":1,"name":"Kezd\u0151lap","item":"https:\/\/pottymoments.com\/bg\/%d0%bd%d0%b0%d1%87%d0%b0%d0%bb%d0%be\/"},{"@type":"ListItem","position":2,"name":"\u041a\u043e\u043d\u0442\u0430\u043a\u0442\u0438"}]},{"@type":"WebSite","@id":"https:\/\/pottymoments.com\/#website","url":"https:\/\/pottymoments.com\/","name":"P\u00f6ttymoments","description":"All about dots","publisher":{"@id":"https:\/\/pottymoments.com\/#organization"},"potentialAction":[{"@type":"SearchAction","target":{"@type":"EntryPoint","urlTemplate":"https:\/\/pottymoments.com\/?s={search_term_string}"},"query-input":{"@type":"PropertyValueSpecification","valueRequired":true,"valueName":"search_term_string"}}],"inLanguage":"bg-BG"},{"@type":"Organization","@id":"https:\/\/pottymoments.com\/#organization","name":"P\u00f6ttymoments","url":"https:\/\/pottymoments.com\/","logo":{"@type":"ImageObject","inLanguage":"bg-BG","@id":"https:\/\/pottymoments.com\/#\/schema\/logo\/image\/","url":"https:\/\/pottymoments.com\/wp-content\/uploads\/2023\/11\/cropped-pottyos_logo-1.png","contentUrl":"https:\/\/pottymoments.com\/wp-content\/uploads\/2023\/11\/cropped-pottyos_logo-1.png","width":400,"height":134,"caption":"P\u00f6ttymoments"},"image":{"@id":"https:\/\/pottymoments.com\/#\/schema\/logo\/image\/"}}]}},"_links":{"self":[{"href":"https:\/\/pottymoments.com\/bg\/wp-json\/wp\/v2\/pages\/1991","targetHints":{"allow":["GET"]}}],"collection":[{"href":"https:\/\/pottymoments.com\/bg\/wp-json\/wp\/v2\/pages"}],"about":[{"href":"https:\/\/pottymoments.com\/bg\/wp-json\/wp\/v2\/types\/page"}],"author":[{"embeddable":true,"href":"https:\/\/pottymoments.com\/bg\/wp-json\/wp\/v2\/users\/1"}],"replies":[{"embeddable":true,"href":"https:\/\/pottymoments.com\/bg\/wp-json\/wp\/v2\/comments?post=1991"}],"version-history":[{"count":4,"href":"https:\/\/pottymoments.com\/bg\/wp-json\/wp\/v2\/pages\/1991\/revisions"}],"predecessor-version":[{"id":2708,"href":"https:\/\/pottymoments.com\/bg\/wp-json\/wp\/v2\/pages\/1991\/revisions\/2708"}],"wp:attachment":[{"href":"https:\/\/pottymoments.com\/bg\/wp-json\/wp\/v2\/media?parent=1991"}],"curies":[{"name":"wp","href":"https:\/\/api.w.org\/{rel}","templated":true}]}}