{"id":2784,"date":"2025-11-12T11:42:07","date_gmt":"2025-11-12T11:42:07","guid":{"rendered":"https:\/\/pottymoments.com\/termek\/fuzetek\/"},"modified":"2025-11-17T10:34:01","modified_gmt":"2025-11-17T10:34:01","slug":"fuzetek","status":"publish","type":"product","link":"https:\/\/pottymoments.com\/bg\/termek\/fuzetek\/","title":{"rendered":"F\u00fczetek"},"content":{"rendered":"","protected":false},"excerpt":{"rendered":"<p>A5 m\u00e9ret\u0171 sima pap\u00edros jegyzet f\u00fczet. Aj\u00e1nlom szeretettel pap\u00edr-im\u00e1d\u00f3knak, jegyzetel\u0151knek, firk\u00e1l\u00f3knak, lista-k\u00e9sz\u00edt\u0151knek \u00e9s vil\u00e1gmegv\u00e1lt\u00f3knak \u2013 hogy minden fontos \u00f6tlet, minden m\u00e9lyre hat\u00f3 gondolat egy helyen legyen. Saj\u00e1t tervez\u00e9s\u0171 bor\u00edt\u00f3val, k\u00e9zzel k\u00e9sz\u00edtett, c\u00e9rn\u00e1val f\u0171z\u00f6tt f\u00fczetek.<\/p>\n","protected":false},"featured_media":2785,"comment_status":"open","ping_status":"closed","template":"","meta":[],"product_brand":[],"product_cat":[52],"product_tag":[],"class_list":{"0":"post-2784","1":"product","2":"type-product","3":"status-publish","4":"has-post-thumbnail","6":"product_cat-fuzetek","8":"entry","9":"has-media","11":"first","12":"instock","13":"taxable","14":"shipping-taxable","15":"purchasable","16":"product-type-variable","17":"has-product-nav","18":"col","19":"span_1_of_3","20":"owp-content-center","21":"owp-thumbs-layout-horizontal","22":"owp-btn-normal","23":"owp-tabs-layout-horizontal"},"yoast_head":"<!-- This site is optimized with the Yoast SEO plugin v26.3 - https:\/\/yoast.com\/wordpress\/plugins\/seo\/ -->\n<title>F\u00fczetek - P\u00f6ttymoments<\/title>\n<meta name=\"robots\" content=\"index, follow, max-snippet:-1, max-image-preview:large, max-video-preview:-1\" \/>\n<link rel=\"canonical\" href=\"https:\/\/pottymoments.com\/bg\/termek\/fuzetek\/\" \/>\n<meta property=\"og:locale\" content=\"bg_BG\" \/>\n<meta property=\"og:type\" content=\"article\" \/>\n<meta property=\"og:title\" content=\"F\u00fczetek - P\u00f6ttymoments\" \/>\n<meta property=\"og:description\" content=\"A5 m\u00e9ret\u0171 sima pap\u00edros jegyzet f\u00fczet. Aj\u00e1nlom szeretettel pap\u00edr-im\u00e1d\u00f3knak, jegyzetel\u0151knek, firk\u00e1l\u00f3knak, lista-k\u00e9sz\u00edt\u0151knek \u00e9s vil\u00e1gmegv\u00e1lt\u00f3knak \u2013 hogy minden fontos \u00f6tlet, minden m\u00e9lyre hat\u00f3 gondolat egy helyen legyen. Saj\u00e1t tervez\u00e9s\u0171 bor\u00edt\u00f3val, k\u00e9zzel k\u00e9sz\u00edtett, c\u00e9rn\u00e1val f\u0171z\u00f6tt f\u00fczetek.\" \/>\n<meta property=\"og:url\" content=\"https:\/\/pottymoments.com\/bg\/termek\/fuzetek\/\" \/>\n<meta property=\"og:site_name\" content=\"P\u00f6ttymoments\" \/>\n<meta property=\"article:modified_time\" content=\"2025-11-17T10:34:01+00:00\" \/>\n<meta property=\"og:image\" content=\"https:\/\/pottymoments.com\/wp-content\/uploads\/2025\/11\/fuzet_20251108_152238.jpg\" \/>\n\t<meta property=\"og:image:width\" content=\"800\" \/>\n\t<meta property=\"og:image:height\" content=\"800\" \/>\n\t<meta property=\"og:image:type\" content=\"image\/jpeg\" \/>\n<meta name=\"twitter:card\" content=\"summary_large_image\" \/>\n<meta name=\"twitter:label1\" content=\"Est. reading time\" \/>\n\t<meta name=\"twitter:data1\" content=\"1 \u043c\u0438\u043d\u0443\u0442\u0430\" \/>\n<script type=\"application\/ld+json\" class=\"yoast-schema-graph\">{\"@context\":\"https:\/\/schema.org\",\"@graph\":[{\"@type\":\"WebPage\",\"@id\":\"https:\/\/pottymoments.com\/bg\/termek\/fuzetek\/\",\"url\":\"https:\/\/pottymoments.com\/bg\/termek\/fuzetek\/\",\"name\":\"F\u00fczetek - P\u00f6ttymoments\",\"isPartOf\":{\"@id\":\"https:\/\/pottymoments.com\/#website\"},\"primaryImageOfPage\":{\"@id\":\"https:\/\/pottymoments.com\/bg\/termek\/fuzetek\/#primaryimage\"},\"image\":{\"@id\":\"https:\/\/pottymoments.com\/bg\/termek\/fuzetek\/#primaryimage\"},\"thumbnailUrl\":\"https:\/\/pottymoments.com\/wp-content\/uploads\/2025\/11\/fuzet_20251108_152238.jpg\",\"datePublished\":\"2025-11-12T11:42:07+00:00\",\"dateModified\":\"2025-11-17T10:34:01+00:00\",\"breadcrumb\":{\"@id\":\"https:\/\/pottymoments.com\/bg\/termek\/fuzetek\/#breadcrumb\"},\"inLanguage\":\"bg-BG\",\"potentialAction\":[{\"@type\":\"ReadAction\",\"target\":[\"https:\/\/pottymoments.com\/bg\/termek\/fuzetek\/\"]}]},{\"@type\":\"ImageObject\",\"inLanguage\":\"bg-BG\",\"@id\":\"https:\/\/pottymoments.com\/bg\/termek\/fuzetek\/#primaryimage\",\"url\":\"https:\/\/pottymoments.com\/wp-content\/uploads\/2025\/11\/fuzet_20251108_152238.jpg\",\"contentUrl\":\"https:\/\/pottymoments.com\/wp-content\/uploads\/2025\/11\/fuzet_20251108_152238.jpg\",\"width\":800,\"height\":800},{\"@type\":\"BreadcrumbList\",\"@id\":\"https:\/\/pottymoments.com\/bg\/termek\/fuzetek\/#breadcrumb\",\"itemListElement\":[{\"@type\":\"ListItem\",\"position\":1,\"name\":\"Kezd\u0151lap\",\"item\":\"https:\/\/pottymoments.com\/bg\/%d0%bd%d0%b0%d1%87%d0%b0%d0%bb%d0%be\/\"},{\"@type\":\"ListItem\",\"position\":2,\"name\":\"\u0418\u043d\u0442\u0435\u0440\u043d\u0435\u0442 \u043c\u0430\u0433\u0430\u0437\u0438\u043d\",\"item\":\"https:\/\/pottymoments.com\/%d0%b8%d0%bd%d1%82%d0%b5%d1%80%d0%bd%d0%b5%d1%82-%d0%bc%d0%b0%d0%b3%d0%b0%d0%b7%d0%b8%d0%bd\/\"},{\"@type\":\"ListItem\",\"position\":3,\"name\":\"F\u00fczetek\"}]},{\"@type\":\"WebSite\",\"@id\":\"https:\/\/pottymoments.com\/#website\",\"url\":\"https:\/\/pottymoments.com\/\",\"name\":\"P\u00f6ttymoments\",\"description\":\"All about dots\",\"publisher\":{\"@id\":\"https:\/\/pottymoments.com\/#organization\"},\"potentialAction\":[{\"@type\":\"SearchAction\",\"target\":{\"@type\":\"EntryPoint\",\"urlTemplate\":\"https:\/\/pottymoments.com\/?s={search_term_string}\"},\"query-input\":{\"@type\":\"PropertyValueSpecification\",\"valueRequired\":true,\"valueName\":\"search_term_string\"}}],\"inLanguage\":\"bg-BG\"},{\"@type\":\"Organization\",\"@id\":\"https:\/\/pottymoments.com\/#organization\",\"name\":\"P\u00f6ttymoments\",\"url\":\"https:\/\/pottymoments.com\/\",\"logo\":{\"@type\":\"ImageObject\",\"inLanguage\":\"bg-BG\",\"@id\":\"https:\/\/pottymoments.com\/#\/schema\/logo\/image\/\",\"url\":\"https:\/\/pottymoments.com\/wp-content\/uploads\/2023\/11\/cropped-pottyos_logo-1.png\",\"contentUrl\":\"https:\/\/pottymoments.com\/wp-content\/uploads\/2023\/11\/cropped-pottyos_logo-1.png\",\"width\":400,\"height\":134,\"caption\":\"P\u00f6ttymoments\"},\"image\":{\"@id\":\"https:\/\/pottymoments.com\/#\/schema\/logo\/image\/\"}}]}<\/script>\n<!-- \/ Yoast SEO plugin. -->","yoast_head_json":{"title":"F\u00fczetek - P\u00f6ttymoments","robots":{"index":"index","follow":"follow","max-snippet":"max-snippet:-1","max-image-preview":"max-image-preview:large","max-video-preview":"max-video-preview:-1"},"canonical":"https:\/\/pottymoments.com\/bg\/termek\/fuzetek\/","og_locale":"bg_BG","og_type":"article","og_title":"F\u00fczetek - P\u00f6ttymoments","og_description":"A5 m\u00e9ret\u0171 sima pap\u00edros jegyzet f\u00fczet. Aj\u00e1nlom szeretettel pap\u00edr-im\u00e1d\u00f3knak, jegyzetel\u0151knek, firk\u00e1l\u00f3knak, lista-k\u00e9sz\u00edt\u0151knek \u00e9s vil\u00e1gmegv\u00e1lt\u00f3knak \u2013 hogy minden fontos \u00f6tlet, minden m\u00e9lyre hat\u00f3 gondolat egy helyen legyen. Saj\u00e1t tervez\u00e9s\u0171 bor\u00edt\u00f3val, k\u00e9zzel k\u00e9sz\u00edtett, c\u00e9rn\u00e1val f\u0171z\u00f6tt f\u00fczetek.","og_url":"https:\/\/pottymoments.com\/bg\/termek\/fuzetek\/","og_site_name":"P\u00f6ttymoments","article_modified_time":"2025-11-17T10:34:01+00:00","og_image":[{"width":800,"height":800,"url":"https:\/\/pottymoments.com\/wp-content\/uploads\/2025\/11\/fuzet_20251108_152238.jpg","type":"image\/jpeg"}],"twitter_card":"summary_large_image","twitter_misc":{"Est. reading time":"1 \u043c\u0438\u043d\u0443\u0442\u0430"},"schema":{"@context":"https:\/\/schema.org","@graph":[{"@type":"WebPage","@id":"https:\/\/pottymoments.com\/bg\/termek\/fuzetek\/","url":"https:\/\/pottymoments.com\/bg\/termek\/fuzetek\/","name":"F\u00fczetek - P\u00f6ttymoments","isPartOf":{"@id":"https:\/\/pottymoments.com\/#website"},"primaryImageOfPage":{"@id":"https:\/\/pottymoments.com\/bg\/termek\/fuzetek\/#primaryimage"},"image":{"@id":"https:\/\/pottymoments.com\/bg\/termek\/fuzetek\/#primaryimage"},"thumbnailUrl":"https:\/\/pottymoments.com\/wp-content\/uploads\/2025\/11\/fuzet_20251108_152238.jpg","datePublished":"2025-11-12T11:42:07+00:00","dateModified":"2025-11-17T10:34:01+00:00","breadcrumb":{"@id":"https:\/\/pottymoments.com\/bg\/termek\/fuzetek\/#breadcrumb"},"inLanguage":"bg-BG","potentialAction":[{"@type":"ReadAction","target":["https:\/\/pottymoments.com\/bg\/termek\/fuzetek\/"]}]},{"@type":"ImageObject","inLanguage":"bg-BG","@id":"https:\/\/pottymoments.com\/bg\/termek\/fuzetek\/#primaryimage","url":"https:\/\/pottymoments.com\/wp-content\/uploads\/2025\/11\/fuzet_20251108_152238.jpg","contentUrl":"https:\/\/pottymoments.com\/wp-content\/uploads\/2025\/11\/fuzet_20251108_152238.jpg","width":800,"height":800},{"@type":"BreadcrumbList","@id":"https:\/\/pottymoments.com\/bg\/termek\/fuzetek\/#breadcrumb","itemListElement":[{"@type":"ListItem","position":1,"name":"Kezd\u0151lap","item":"https:\/\/pottymoments.com\/bg\/%d0%bd%d0%b0%d1%87%d0%b0%d0%bb%d0%be\/"},{"@type":"ListItem","position":2,"name":"\u0418\u043d\u0442\u0435\u0440\u043d\u0435\u0442 \u043c\u0430\u0433\u0430\u0437\u0438\u043d","item":"https:\/\/pottymoments.com\/%d0%b8%d0%bd%d1%82%d0%b5%d1%80%d0%bd%d0%b5%d1%82-%d0%bc%d0%b0%d0%b3%d0%b0%d0%b7%d0%b8%d0%bd\/"},{"@type":"ListItem","position":3,"name":"F\u00fczetek"}]},{"@type":"WebSite","@id":"https:\/\/pottymoments.com\/#website","url":"https:\/\/pottymoments.com\/","name":"P\u00f6ttymoments","description":"All about dots","publisher":{"@id":"https:\/\/pottymoments.com\/#organization"},"potentialAction":[{"@type":"SearchAction","target":{"@type":"EntryPoint","urlTemplate":"https:\/\/pottymoments.com\/?s={search_term_string}"},"query-input":{"@type":"PropertyValueSpecification","valueRequired":true,"valueName":"search_term_string"}}],"inLanguage":"bg-BG"},{"@type":"Organization","@id":"https:\/\/pottymoments.com\/#organization","name":"P\u00f6ttymoments","url":"https:\/\/pottymoments.com\/","logo":{"@type":"ImageObject","inLanguage":"bg-BG","@id":"https:\/\/pottymoments.com\/#\/schema\/logo\/image\/","url":"https:\/\/pottymoments.com\/wp-content\/uploads\/2023\/11\/cropped-pottyos_logo-1.png","contentUrl":"https:\/\/pottymoments.com\/wp-content\/uploads\/2023\/11\/cropped-pottyos_logo-1.png","width":400,"height":134,"caption":"P\u00f6ttymoments"},"image":{"@id":"https:\/\/pottymoments.com\/#\/schema\/logo\/image\/"}}]}},"_links":{"self":[{"href":"https:\/\/pottymoments.com\/bg\/wp-json\/wp\/v2\/product\/2784","targetHints":{"allow":["GET"]}}],"collection":[{"href":"https:\/\/pottymoments.com\/bg\/wp-json\/wp\/v2\/product"}],"about":[{"href":"https:\/\/pottymoments.com\/bg\/wp-json\/wp\/v2\/types\/product"}],"replies":[{"embeddable":true,"href":"https:\/\/pottymoments.com\/bg\/wp-json\/wp\/v2\/comments?post=2784"}],"wp:featuredmedia":[{"embeddable":true,"href":"https:\/\/pottymoments.com\/bg\/wp-json\/wp\/v2\/media\/2785"}],"wp:attachment":[{"href":"https:\/\/pottymoments.com\/bg\/wp-json\/wp\/v2\/media?parent=2784"}],"wp:term":[{"taxonomy":"product_brand","embeddable":true,"href":"https:\/\/pottymoments.com\/bg\/wp-json\/wp\/v2\/product_brand?post=2784"},{"taxonomy":"product_cat","embeddable":true,"href":"https:\/\/pottymoments.com\/bg\/wp-json\/wp\/v2\/product_cat?post=2784"},{"taxonomy":"product_tag","embeddable":true,"href":"https:\/\/pottymoments.com\/bg\/wp-json\/wp\/v2\/product_tag?post=2784"}],"curies":[{"name":"wp","href":"https:\/\/api.w.org\/{rel}","templated":true}]}}