{"id":1566,"date":"2023-12-04T11:42:57","date_gmt":"2023-12-04T11:42:57","guid":{"rendered":"https:\/\/pottymoments.com\/termek\/limited-edition-prints\/"},"modified":"2024-10-04T08:20:27","modified_gmt":"2024-10-04T08:20:27","slug":"limited-edition-prints","status":"publish","type":"product","link":"https:\/\/pottymoments.com\/en\/termek\/limited-edition-prints\/","title":{"rendered":"Limited edition prints"},"content":{"rendered":"","protected":false},"excerpt":{"rendered":"<p><span style=\"font-weight: 400;\">Limited edition prints for interior designers, collectors and galleries..<\/span><\/p>\n<p><strong>Details:<\/strong><\/p>\n<ul>\n<li style=\"font-weight: 400;\" aria-level=\"1\"><span style=\"font-weight: 400;\">All limited edition prints are signed and numbered by hand by the artist<\/span><\/li>\n<li style=\"font-weight: 400;\" aria-level=\"1\"><span style=\"font-weight: 400;\">Each piece of artwork is accompanied by a Certificate of Authenticity<\/span><\/li>\n<li style=\"font-weight: 400;\" aria-level=\"1\"><span style=\"font-weight: 400;\">Az ad\u00f3t a term\u00e9k \u00e1ra tartalmazza.<\/span><\/li>\n<li style=\"font-weight: 400;\" aria-level=\"1\"><span style=\"font-weight: 400;\">Worldwide shipping included!<\/span><\/li>\n<li style=\"font-weight: 400;\" aria-level=\"1\"><span style=\"font-weight: 400;\">Dimensions represents the full print size including the white border<\/span><\/li>\n<li style=\"font-weight: 400;\" aria-level=\"1\"><span style=\"font-weight: 400;\">The artist reserves the right to produce more editions for personal use or, for exhibitions <\/span><\/li>\n<\/ul>\n<p><span style=\"font-weight: 400;\">*Prints are supplied unframed.<\/span><\/p>\n<p><i><span style=\"font-weight: 400;\">For any questions regarding orders, you can check our FAQ section.<\/span><\/i><\/p>\n","protected":false},"featured_media":1305,"comment_status":"open","ping_status":"closed","template":"","meta":[],"product_brand":[],"product_cat":[33],"product_tag":[],"class_list":{"0":"post-1566","1":"product","2":"type-product","3":"status-publish","4":"has-post-thumbnail","6":"product_cat-others","8":"entry","9":"has-media","11":"first","12":"instock","13":"taxable","14":"shipping-taxable","15":"purchasable","16":"product-type-variable","17":"has-default-attributes","18":"has-product-nav","19":"col","20":"span_1_of_3","21":"owp-content-center","22":"owp-thumbs-layout-horizontal","23":"owp-btn-normal","24":"owp-tabs-layout-horizontal"},"yoast_head":"<!-- This site is optimized with the Yoast SEO plugin v26.3 - https:\/\/yoast.com\/wordpress\/plugins\/seo\/ -->\n<title>Limited edition prints - P\u00f6ttymoments<\/title>\n<meta name=\"robots\" content=\"index, follow, max-snippet:-1, max-image-preview:large, max-video-preview:-1\" \/>\n<link rel=\"canonical\" href=\"https:\/\/pottymoments.com\/en\/termek\/limited-edition-prints\/\" \/>\n<meta property=\"og:locale\" content=\"en_US\" \/>\n<meta property=\"og:type\" content=\"article\" \/>\n<meta property=\"og:title\" content=\"Limited edition prints - P\u00f6ttymoments\" \/>\n<meta property=\"og:description\" content=\"Limited edition prints for interior designers, collectors and galleries.. Details:  All limited edition prints are signed and numbered by hand by the artist  Each piece of artwork is accompanied by a Certificate of Authenticity  Az ad\u00f3t a term\u00e9k \u00e1ra tartalmazza.  Worldwide shipping included!  Dimensions represents the full print size including the white border  The artist reserves the right to produce more editions for personal use or, for exhibitions  *Prints are supplied unframed. For any questions regarding orders, you can check our FAQ section.\" \/>\n<meta property=\"og:url\" content=\"https:\/\/pottymoments.com\/en\/termek\/limited-edition-prints\/\" \/>\n<meta property=\"og:site_name\" content=\"P\u00f6ttymoments\" \/>\n<meta property=\"article:modified_time\" content=\"2024-10-04T08:20:27+00:00\" \/>\n<meta property=\"og:image\" content=\"https:\/\/pottymoments.com\/wp-content\/uploads\/2023\/12\/nappalok-es-ejszakak.jpg\" \/>\n\t<meta property=\"og:image:width\" content=\"1000\" \/>\n\t<meta property=\"og:image:height\" content=\"625\" \/>\n\t<meta property=\"og:image:type\" content=\"image\/jpeg\" \/>\n<meta name=\"twitter:card\" content=\"summary_large_image\" \/>\n<script type=\"application\/ld+json\" class=\"yoast-schema-graph\">{\"@context\":\"https:\/\/schema.org\",\"@graph\":[{\"@type\":\"WebPage\",\"@id\":\"https:\/\/pottymoments.com\/en\/termek\/limited-edition-prints\/\",\"url\":\"https:\/\/pottymoments.com\/en\/termek\/limited-edition-prints\/\",\"name\":\"Limited edition prints - P\u00f6ttymoments\",\"isPartOf\":{\"@id\":\"https:\/\/pottymoments.com\/#website\"},\"primaryImageOfPage\":{\"@id\":\"https:\/\/pottymoments.com\/en\/termek\/limited-edition-prints\/#primaryimage\"},\"image\":{\"@id\":\"https:\/\/pottymoments.com\/en\/termek\/limited-edition-prints\/#primaryimage\"},\"thumbnailUrl\":\"https:\/\/pottymoments.com\/wp-content\/uploads\/2023\/12\/nappalok-es-ejszakak.jpg\",\"datePublished\":\"2023-12-04T11:42:57+00:00\",\"dateModified\":\"2024-10-04T08:20:27+00:00\",\"breadcrumb\":{\"@id\":\"https:\/\/pottymoments.com\/en\/termek\/limited-edition-prints\/#breadcrumb\"},\"inLanguage\":\"en-US\",\"potentialAction\":[{\"@type\":\"ReadAction\",\"target\":[\"https:\/\/pottymoments.com\/en\/termek\/limited-edition-prints\/\"]}]},{\"@type\":\"ImageObject\",\"inLanguage\":\"en-US\",\"@id\":\"https:\/\/pottymoments.com\/en\/termek\/limited-edition-prints\/#primaryimage\",\"url\":\"https:\/\/pottymoments.com\/wp-content\/uploads\/2023\/12\/nappalok-es-ejszakak.jpg\",\"contentUrl\":\"https:\/\/pottymoments.com\/wp-content\/uploads\/2023\/12\/nappalok-es-ejszakak.jpg\",\"width\":1000,\"height\":625,\"caption\":\"days and nights\"},{\"@type\":\"BreadcrumbList\",\"@id\":\"https:\/\/pottymoments.com\/en\/termek\/limited-edition-prints\/#breadcrumb\",\"itemListElement\":[{\"@type\":\"ListItem\",\"position\":1,\"name\":\"Kezd\u0151lap\",\"item\":\"https:\/\/pottymoments.com\/\"},{\"@type\":\"ListItem\",\"position\":2,\"name\":\"Shop\",\"item\":\"https:\/\/pottymoments.com\/en\/shop\/\"},{\"@type\":\"ListItem\",\"position\":3,\"name\":\"Limited edition prints\"}]},{\"@type\":\"WebSite\",\"@id\":\"https:\/\/pottymoments.com\/#website\",\"url\":\"https:\/\/pottymoments.com\/\",\"name\":\"P\u00f6ttymoments\",\"description\":\"All about dots\",\"publisher\":{\"@id\":\"https:\/\/pottymoments.com\/#organization\"},\"potentialAction\":[{\"@type\":\"SearchAction\",\"target\":{\"@type\":\"EntryPoint\",\"urlTemplate\":\"https:\/\/pottymoments.com\/?s={search_term_string}\"},\"query-input\":{\"@type\":\"PropertyValueSpecification\",\"valueRequired\":true,\"valueName\":\"search_term_string\"}}],\"inLanguage\":\"en-US\"},{\"@type\":\"Organization\",\"@id\":\"https:\/\/pottymoments.com\/#organization\",\"name\":\"P\u00f6ttymoments\",\"url\":\"https:\/\/pottymoments.com\/\",\"logo\":{\"@type\":\"ImageObject\",\"inLanguage\":\"en-US\",\"@id\":\"https:\/\/pottymoments.com\/#\/schema\/logo\/image\/\",\"url\":\"https:\/\/pottymoments.com\/wp-content\/uploads\/2023\/11\/cropped-pottyos_logo-1.png\",\"contentUrl\":\"https:\/\/pottymoments.com\/wp-content\/uploads\/2023\/11\/cropped-pottyos_logo-1.png\",\"width\":400,\"height\":134,\"caption\":\"P\u00f6ttymoments\"},\"image\":{\"@id\":\"https:\/\/pottymoments.com\/#\/schema\/logo\/image\/\"}}]}<\/script>\n<!-- \/ Yoast SEO plugin. -->","yoast_head_json":{"title":"Limited edition prints - P\u00f6ttymoments","robots":{"index":"index","follow":"follow","max-snippet":"max-snippet:-1","max-image-preview":"max-image-preview:large","max-video-preview":"max-video-preview:-1"},"canonical":"https:\/\/pottymoments.com\/en\/termek\/limited-edition-prints\/","og_locale":"en_US","og_type":"article","og_title":"Limited edition prints - P\u00f6ttymoments","og_description":"Limited edition prints for interior designers, collectors and galleries.. Details:  All limited edition prints are signed and numbered by hand by the artist  Each piece of artwork is accompanied by a Certificate of Authenticity  Az ad\u00f3t a term\u00e9k \u00e1ra tartalmazza.  Worldwide shipping included!  Dimensions represents the full print size including the white border  The artist reserves the right to produce more editions for personal use or, for exhibitions  *Prints are supplied unframed. For any questions regarding orders, you can check our FAQ section.","og_url":"https:\/\/pottymoments.com\/en\/termek\/limited-edition-prints\/","og_site_name":"P\u00f6ttymoments","article_modified_time":"2024-10-04T08:20:27+00:00","og_image":[{"width":1000,"height":625,"url":"https:\/\/pottymoments.com\/wp-content\/uploads\/2023\/12\/nappalok-es-ejszakak.jpg","type":"image\/jpeg"}],"twitter_card":"summary_large_image","schema":{"@context":"https:\/\/schema.org","@graph":[{"@type":"WebPage","@id":"https:\/\/pottymoments.com\/en\/termek\/limited-edition-prints\/","url":"https:\/\/pottymoments.com\/en\/termek\/limited-edition-prints\/","name":"Limited edition prints - P\u00f6ttymoments","isPartOf":{"@id":"https:\/\/pottymoments.com\/#website"},"primaryImageOfPage":{"@id":"https:\/\/pottymoments.com\/en\/termek\/limited-edition-prints\/#primaryimage"},"image":{"@id":"https:\/\/pottymoments.com\/en\/termek\/limited-edition-prints\/#primaryimage"},"thumbnailUrl":"https:\/\/pottymoments.com\/wp-content\/uploads\/2023\/12\/nappalok-es-ejszakak.jpg","datePublished":"2023-12-04T11:42:57+00:00","dateModified":"2024-10-04T08:20:27+00:00","breadcrumb":{"@id":"https:\/\/pottymoments.com\/en\/termek\/limited-edition-prints\/#breadcrumb"},"inLanguage":"en-US","potentialAction":[{"@type":"ReadAction","target":["https:\/\/pottymoments.com\/en\/termek\/limited-edition-prints\/"]}]},{"@type":"ImageObject","inLanguage":"en-US","@id":"https:\/\/pottymoments.com\/en\/termek\/limited-edition-prints\/#primaryimage","url":"https:\/\/pottymoments.com\/wp-content\/uploads\/2023\/12\/nappalok-es-ejszakak.jpg","contentUrl":"https:\/\/pottymoments.com\/wp-content\/uploads\/2023\/12\/nappalok-es-ejszakak.jpg","width":1000,"height":625,"caption":"days and nights"},{"@type":"BreadcrumbList","@id":"https:\/\/pottymoments.com\/en\/termek\/limited-edition-prints\/#breadcrumb","itemListElement":[{"@type":"ListItem","position":1,"name":"Kezd\u0151lap","item":"https:\/\/pottymoments.com\/"},{"@type":"ListItem","position":2,"name":"Shop","item":"https:\/\/pottymoments.com\/en\/shop\/"},{"@type":"ListItem","position":3,"name":"Limited edition prints"}]},{"@type":"WebSite","@id":"https:\/\/pottymoments.com\/#website","url":"https:\/\/pottymoments.com\/","name":"P\u00f6ttymoments","description":"All about dots","publisher":{"@id":"https:\/\/pottymoments.com\/#organization"},"potentialAction":[{"@type":"SearchAction","target":{"@type":"EntryPoint","urlTemplate":"https:\/\/pottymoments.com\/?s={search_term_string}"},"query-input":{"@type":"PropertyValueSpecification","valueRequired":true,"valueName":"search_term_string"}}],"inLanguage":"en-US"},{"@type":"Organization","@id":"https:\/\/pottymoments.com\/#organization","name":"P\u00f6ttymoments","url":"https:\/\/pottymoments.com\/","logo":{"@type":"ImageObject","inLanguage":"en-US","@id":"https:\/\/pottymoments.com\/#\/schema\/logo\/image\/","url":"https:\/\/pottymoments.com\/wp-content\/uploads\/2023\/11\/cropped-pottyos_logo-1.png","contentUrl":"https:\/\/pottymoments.com\/wp-content\/uploads\/2023\/11\/cropped-pottyos_logo-1.png","width":400,"height":134,"caption":"P\u00f6ttymoments"},"image":{"@id":"https:\/\/pottymoments.com\/#\/schema\/logo\/image\/"}}]}},"_links":{"self":[{"href":"https:\/\/pottymoments.com\/en\/wp-json\/wp\/v2\/product\/1566","targetHints":{"allow":["GET"]}}],"collection":[{"href":"https:\/\/pottymoments.com\/en\/wp-json\/wp\/v2\/product"}],"about":[{"href":"https:\/\/pottymoments.com\/en\/wp-json\/wp\/v2\/types\/product"}],"replies":[{"embeddable":true,"href":"https:\/\/pottymoments.com\/en\/wp-json\/wp\/v2\/comments?post=1566"}],"wp:featuredmedia":[{"embeddable":true,"href":"https:\/\/pottymoments.com\/en\/wp-json\/wp\/v2\/media\/1305"}],"wp:attachment":[{"href":"https:\/\/pottymoments.com\/en\/wp-json\/wp\/v2\/media?parent=1566"}],"wp:term":[{"taxonomy":"product_brand","embeddable":true,"href":"https:\/\/pottymoments.com\/en\/wp-json\/wp\/v2\/product_brand?post=1566"},{"taxonomy":"product_cat","embeddable":true,"href":"https:\/\/pottymoments.com\/en\/wp-json\/wp\/v2\/product_cat?post=1566"},{"taxonomy":"product_tag","embeddable":true,"href":"https:\/\/pottymoments.com\/en\/wp-json\/wp\/v2\/product_tag?post=1566"}],"curies":[{"name":"wp","href":"https:\/\/api.w.org\/{rel}","templated":true}]}}